{"id":12400,"date":"2019-02-14T23:17:05","date_gmt":"2019-02-14T23:17:05","guid":{"rendered":"https:\/\/planout.es\/planes\/hacienda-del-carche\/"},"modified":"2019-02-25T20:27:35","modified_gmt":"2019-02-25T20:27:35","slug":"hacienda-del-carche","status":"publish","type":"product","link":"https:\/\/planout.es\/en\/planes\/hacienda-del-carche\/","title":{"rendered":"Del Carche Wineries"},"content":{"rendered":"<p>A los pies del Parque Regional de la Sierra del Carche, se ubica el Nuevo\u00a0<strong>Museo del Vino<\/strong>\u00a0de Hacienda del Carche-Casa de la Ermita, en una superficie de 1.500 m<sup>2<\/sup>, que alberga la gran historia de la cultura del\u00a0<strong>vino de Jumilla<\/strong>, con m\u00e1s de 5.000 a\u00f1os de antig\u00fcedad un recorrido por la historia que de manera cronol\u00f3gica recoge todas y cada una de las tareas y trabajos relacionadas con la vid y el vino, de manera que el visitante podr\u00e1 admirar campo y tierra, la etapa de la vendimia, la entrada de la uva en bodega, los trabajos de toneler\u00eda, pasando por la conservaci\u00f3n y el laboratorio, etapas todas ellas necesarias para descubrir la experiencia de la monastrell.<\/p>\n","protected":false},"excerpt":{"rendered":"<p>A los pies del Parque Regional de la Sierra del Carche, se ubica el Nuevo\u00a0Museo del Vino\u00a0de Hacienda del Carche-Casa de la Ermita, en una superficie de 1.500 m2, que alberga la gran historia de la cultura del\u00a0vino de Jumilla, con m\u00e1s de 5.000 a\u00f1os de antig\u00fcedad un recorrido por la historia que de manera [&hellip;]<\/p>\n","protected":false},"featured_media":12399,"comment_status":"open","ping_status":"closed","template":"","meta":[],"product_cat":[1724],"product_tag":[2433,2434,2437,2440,2441,3257,2442,1631,3263,3260,3261,3255,3256,3259,3266,3262,3264,3267,3265,1672,3268,3258,3288,3289,2445,2446,2447,2448,2449,2479,3292,3293,3290,3291,3287,3294,3295,3286],"aioseo_notices":[],"_links":{"self":[{"href":"https:\/\/planout.es\/en\/wp-json\/wp\/v2\/product\/12400"}],"collection":[{"href":"https:\/\/planout.es\/en\/wp-json\/wp\/v2\/product"}],"about":[{"href":"https:\/\/planout.es\/en\/wp-json\/wp\/v2\/types\/product"}],"replies":[{"embeddable":true,"href":"https:\/\/planout.es\/en\/wp-json\/wp\/v2\/comments?post=12400"}],"wp:featuredmedia":[{"embeddable":true,"href":"https:\/\/planout.es\/en\/wp-json\/wp\/v2\/media\/12399"}],"wp:attachment":[{"href":"https:\/\/planout.es\/en\/wp-json\/wp\/v2\/media?parent=12400"}],"wp:term":[{"taxonomy":"product_cat","embeddable":true,"href":"https:\/\/planout.es\/en\/wp-json\/wp\/v2\/product_cat?post=12400"},{"taxonomy":"product_tag","embeddable":true,"href":"https:\/\/planout.es\/en\/wp-json\/wp\/v2\/product_tag?post=12400"}],"curies":[{"name":"wp","href":"https:\/\/api.w.org\/{rel}","templated":true}]}}