{"id":12388,"date":"2019-01-12T10:31:17","date_gmt":"2019-01-12T10:31:17","guid":{"rendered":"https:\/\/planout.es\/planes\/taller-baile-flamenco\/"},"modified":"2019-02-25T20:12:33","modified_gmt":"2019-02-25T20:12:33","slug":"taller-baile-flamenco","status":"publish","type":"product","link":"https:\/\/planout.es\/en\/planes\/taller-baile-flamenco\/","title":{"rendered":"Flamenco Dance Workshop"},"content":{"rendered":"<p>Make one of the best dancers of the Murcia Region a workshop to learn how to take your first steps in flamenco dance (Sevillanas, Bulerias, Alegr\u00edas, Tangos ..) The flamenco tradition of Cartagena culminates with the Cartagena, which is a stick of flamenco singing characteristic of the mining Sierra de Cartagena-La Uni\u00f3n. The mining-Levantine cantes are a flamenco style that developed in the nineteenth century in the mining Sierra de Cartagena-La Union as a result of the great migrations of Andalusians, especially Almeria , to this region.From the malague\u00f1a, the grana\u00edna and the taranto of Almer\u00eda, palos heirs of the fandango, brought by the andalusian workers and their contact with the local fandangos, the so-called miners-levantinos cantes arose. Five minutes walking from the port of Cartagena we have our flamenco classroom where our teacher Noelia, will be waiting for us to teach you an hour and a half of this art, such as flamenco (Dance, technique, Spanish language on the subject, ..), it is recommended to wear a long skirt (in its absence some type of pareo), and heels.<\/p>\n","protected":false},"excerpt":{"rendered":"<p>Make one of the best dancers of the Murcia Region a workshop to learn how to take your first steps in flamenco dance (Sevillanas, Bulerias, Alegr\u00edas, Tangos ..) The flamenco tradition of Cartagena culminates with the Cartagena, which is a stick of flamenco singing characteristic of the mining Sierra de Cartagena-La Uni\u00f3n. The mining-Levantine cantes [&hellip;]<\/p>\n","protected":false},"featured_media":12071,"comment_status":"open","ping_status":"closed","template":"","meta":[],"product_cat":[1724],"product_tag":[2433,2434,2437,2440,2441,3271,2442,1631,3337,3339,3269,3270,3336,3316,3315,3319,3272,2445,2446,2447,2448,2449,1628,2451,2452,2453,2454,2455,1630,2458,2459,2460,2461,2464,2465,2466,2467,2468,2469,2470,2473,2474,2475,2476,2479],"aioseo_notices":[],"_links":{"self":[{"href":"https:\/\/planout.es\/en\/wp-json\/wp\/v2\/product\/12388"}],"collection":[{"href":"https:\/\/planout.es\/en\/wp-json\/wp\/v2\/product"}],"about":[{"href":"https:\/\/planout.es\/en\/wp-json\/wp\/v2\/types\/product"}],"replies":[{"embeddable":true,"href":"https:\/\/planout.es\/en\/wp-json\/wp\/v2\/comments?post=12388"}],"wp:featuredmedia":[{"embeddable":true,"href":"https:\/\/planout.es\/en\/wp-json\/wp\/v2\/media\/12071"}],"wp:attachment":[{"href":"https:\/\/planout.es\/en\/wp-json\/wp\/v2\/media?parent=12388"}],"wp:term":[{"taxonomy":"product_cat","embeddable":true,"href":"https:\/\/planout.es\/en\/wp-json\/wp\/v2\/product_cat?post=12388"},{"taxonomy":"product_tag","embeddable":true,"href":"https:\/\/planout.es\/en\/wp-json\/wp\/v2\/product_tag?post=12388"}],"curies":[{"name":"wp","href":"https:\/\/api.w.org\/{rel}","templated":true}]}}